{"id":371,"date":"2024-08-04T15:19:08","date_gmt":"2024-08-04T15:19:08","guid":{"rendered":"https:\/\/lusosuaz.com\/?page_id=371"},"modified":"2024-08-04T15:55:19","modified_gmt":"2024-08-04T15:55:19","slug":"iletisim-bilgileri","status":"publish","type":"page","link":"https:\/\/lusosuaz.com\/tr\/iletisim-bilgileri\/","title":{"rendered":"\u0130leti\u015fim Bilgileri"},"content":{"rendered":"<section class=\"bde-section-371-100 bde-section\">\n              \n  \n  \n\t\n\n  <div class=\"section-background-overlay\"><\/div>\n\n\n<div class=\"section-container\"><h1 class=\"bde-heading-371-101 bde-heading\">\n\u0130leti\u015fim\n<\/h1><div class=\"bde-text-371-102 bde-text\">\nSize yard\u0131mc\u0131 olmak i\u00e7in buraday\u0131z. Daha fazla bilgi ve fiyat teklifleri i\u00e7in bizimle ileti\u015fime ge\u00e7in.\n<\/div><\/div>\n<\/section><section class=\"bde-section-371-103 bde-section\">\n  \n  \n\t\n\n\n\n<div class=\"section-container\"><div class=\"bde-columns-371-104 bde-columns\"><div class=\"bde-column-371-105 bde-column\">\n  \n  \n\t\n\n\n\n<div class=\"bde-image-371-106 bde-image\">\n<figure class=\"breakdance-image breakdance-image--82\">\n\t<div class=\"breakdance-image-container\">\n\t\t<div class=\"breakdance-image-clip\"><img loading=\"lazy\" decoding=\"async\" class=\"breakdance-image-object\" src=\"https:\/\/lusosuaz.com\/wp-content\/uploads\/2024\/06\/contact.jpg\" width=\"2474\" height=\"1862\" srcset=\"https:\/\/lusosuaz.com\/wp-content\/uploads\/2024\/06\/contact.jpg 2474w, https:\/\/lusosuaz.com\/wp-content\/uploads\/2024\/06\/contact-300x226.jpg 300w, https:\/\/lusosuaz.com\/wp-content\/uploads\/2024\/06\/contact-1024x771.jpg 1024w, https:\/\/lusosuaz.com\/wp-content\/uploads\/2024\/06\/contact-768x578.jpg 768w, https:\/\/lusosuaz.com\/wp-content\/uploads\/2024\/06\/contact-1536x1156.jpg 1536w, https:\/\/lusosuaz.com\/wp-content\/uploads\/2024\/06\/contact-2048x1541.jpg 2048w\" sizes=\"auto, (max-width: 2474px) 100vw, 2474px\"><\/div>\n\t<\/div><\/figure>\n\n<\/div>\n<\/div><div class=\"bde-column-371-107 bde-column\">\n  \n  \n\t\n\n\n\n<div class=\"bde-text-371-108 bde-text\">\nBize Ula\u015f\u0131n\n<\/div><h2 class=\"bde-dual-heading-371-109 bde-dual-heading\">\n\n\n            <span data-style=\"primary\" class=\"dual-heading--primary  \">Entre em contacto!<\/span>\n\n            <span data-style=\"secondary\" class=\"dual-heading--secondary  \">\u0130leti\u015fime ge\u00e7in!<\/span>\n\n\n\n<\/h2><div class=\"bde-text-371-110 bde-text\">\nSize yard\u0131mc\u0131 olmak i\u00e7in buraday\u0131z. Herhangi bir sorunuz varsa veya hizmetlerimiz hakk\u0131nda daha fazla bilgiye ihtiya\u00e7 duyuyorsan\u0131z, bizimle ileti\u015fime ge\u00e7mekten \u00e7ekinmeyin.\n<\/div><div class=\"bde-form-builder-371-111 bde-form-builder\">\n\n\n<form id=\"contact-form111\" class=\"breakdance-form breakdance-form--vertical\" data-options=\"{&quot;slug&quot;:&quot;custom&quot;,&quot;name&quot;:&quot;Contact Form&quot;,&quot;ajaxUrl&quot;:&quot;https:\\\/\\\/lusosuaz.com\\\/wp-admin\\\/admin-ajax.php&quot;,&quot;clearOnSuccess&quot;:true,&quot;hideOnSuccess&quot;:false,&quot;successMessage&quot;:&quot;G\\u00f6nderildi!&quot;,&quot;errorMessage&quot;:&quot;Bir hata olu\\u015ftu...&quot;,&quot;redirect&quot;:false,&quot;redirectUrl&quot;:&quot;&quot;,&quot;customJavaScript&quot;:&quot;&quot;,&quot;recaptcha&quot;:{&quot;key&quot;:&quot;&quot;,&quot;enabled&quot;:false},&quot;honeypot_enabled&quot;:false,&quot;popupsOnSuccess&quot;:[],&quot;popupsOnError&quot;:[]}\" data-steps=\"0\" >\n  \n  \n  \n<div class=\"breakdance-form-field breakdance-form-field--text\" >\n    \n    \n            <label class=\"breakdance-form-field__label\" for=\"name\">\n            Ad<span class=\"breakdance-form-field__required\">*<\/span>\n        <\/label>\n    \n    <input\n    class=\"breakdance-form-field__input\"\n    id=\"name\"\n    aria-describedby=\"name\"\n    type=\"text\"\n    name=\"fields[name]\"\n    placeholder=\"Ad\"\n    value=\"\"\n                \n        \n        \n    required\n    \n    \n>\n\n\n    \n    \n<\/div>\n\n\n<div class=\"breakdance-form-field breakdance-form-field--email\" >\n    \n    \n            <label class=\"breakdance-form-field__label\" for=\"email\">\n            E-posta<span class=\"breakdance-form-field__required\">*<\/span>\n        <\/label>\n    \n    <input\n    class=\"breakdance-form-field__input\"\n    id=\"email\"\n    aria-describedby=\"email\"\n    type=\"email\"\n    name=\"fields[email]\"\n    placeholder=\"E-posta\"\n    value=\"\"\n                \n        \n        \n    required\n    \n    \n>\n\n\n    \n    \n<\/div>\n\n\n<div class=\"breakdance-form-field breakdance-form-field--tel\" >\n    \n    \n            <label class=\"breakdance-form-field__label\" for=\"ayktib\">\n            Telefon Numaras\u0131\n        <\/label>\n    \n    <input\n    class=\"breakdance-form-field__input\"\n    id=\"ayktib\"\n    aria-describedby=\"ayktib\"\n    type=\"tel\"\n    name=\"fields[ayktib]\"\n    placeholder=\"Telefon Numaras\u0131\"\n    value=\"\"\n                \n        \n        \n    \n    \n    \n>\n\n\n    \n    \n<\/div>\n\n\n<div class=\"breakdance-form-field breakdance-form-field--textarea\" >\n    \n    \n            <label class=\"breakdance-form-field__label\" for=\"message\">\n            Mesaj<span class=\"breakdance-form-field__required\">*<\/span>\n        <\/label>\n    \n    <textarea\n    class=\"breakdance-form-field__input\"\n    id=\"message\"\n    aria-describedby=\"message\"\n    type=\"textarea\"\n    name=\"fields[message]\"\n        placeholder=\"Mesaj\u0131n\u0131z\"\n    required\n    >\n<\/textarea>\n\n\n    \n    \n<\/div>\n\n\n  \n\n<div class=\"breakdance-form-field breakdance-form-footer\">\n    \n    \n                                    \n    \n    \n    \n    \n            \n            <button type=\"submit\" class=\"button-atom button-atom--primary breakdance-form-button breakdance-form-button__submit\"  >\n    \n        <span class=\"button-atom__text\">Mesaj\u0131 G\u00f6nder<\/span>\n\n        \n        \n            <\/button>\n    \n    <input type=\"hidden\" name=\"form_id\" value=\"111\">\n    <input type=\"hidden\" name=\"post_id\" value=\"371\">\n<\/div>\n\n  \n<\/form>\n\n\n\n<\/div>\n<\/div><\/div><div class=\"bde-columns-371-112 bde-columns\"><div class=\"bde-column-371-113 bde-column\">\n  \n  \n\t\n\n\n\n<h2 class=\"bde-heading-371-114 bde-heading\">\nYard\u0131ma m\u0131 ihtiyac\u0131n\u0131z var?\n<\/h2><div class=\"bde-text-371-115 bde-text\">\nEkibimiz, sorular\u0131n\u0131z\u0131 yan\u0131tlamaya ve gerekli deste\u011fi sa\u011flamaya haz\u0131rd\u0131r.\n<\/div><div class=\"bde-button-371-116 bde-button\">\n    \n                                    \n    \n    \n    \n    \n            \n                    \n            \n            \n\n    \n    \n    \n    \n    \n    <a class=\"breakdance-link button-atom button-atom--primary bde-button__button\" href=\"tel:+351919886318\" target=\"_blank\" data-type=\"contact\"  >\n\n    \n        <span class=\"button-atom__text\">Bize Ula\u015f\u0131n<\/span>\n\n        \n        \n                <\/a>\n\n    \n\n\n<\/div>\n<\/div><div class=\"bde-column-371-117 bde-column\">\n  \n  \n\t\n\n\n\n<div class=\"bde-div-371-118 bde-div\">\n  \n  \n\t\n\n\n\n<h3 class=\"bde-heading-371-119 bde-heading\">\nBize Ula\u015f\u0131n\n<\/h3><div class=\"bde-icon-list-371-120 bde-icon-list bde-icon-list--background\">\n<ul>\n  \n              \n    <li>\n              <div class='bde-icon-list__item-wrapper'>\n      \n      <span class='bde-icon-list__icon'>\n        <svg xmlns=\"http:\/\/www.w3.org\/2000\/svg\" width=\"20\" height=\"20\" viewBox=\"0 0 20 20\" fill=\"none\">\r\n<path d=\"M15.62 8.752C15.4158 8.752 15.2199 8.67088 15.0755 8.52647C14.9311 8.38207 14.85 8.18622 14.85 7.982C14.85 7.612 14.48 6.842 13.86 6.172C13.25 5.522 12.58 5.142 12.02 5.142C11.8158 5.142 11.6199 5.06088 11.4755 4.91647C11.3311 4.77207 11.25 4.57622 11.25 4.372C11.25 3.952 11.6 3.602 12.02 3.602C13.02 3.602 14.07 4.142 14.99 5.112C15.85 6.022 16.4 7.152 16.4 7.972C16.4 8.402 16.05 8.752 15.62 8.752ZM19.23 8.75C19.0258 8.75 18.8299 8.66888 18.6855 8.52447C18.5411 8.38007 18.46 8.18422 18.46 7.98C18.46 4.43 15.57 1.55 12.03 1.55C11.8258 1.55 11.6299 1.46888 11.4855 1.32447C11.3411 1.18007 11.26 0.984217 11.26 0.78C11.26 0.36 11.6 0 12.02 0C16.42 0 20 3.58 20 7.98C20 8.4 19.65 8.75 19.23 8.75ZM9.05 12.95L7.2 14.8C6.81 15.19 6.19 15.19 5.79 14.81C5.68 14.7 5.57 14.6 5.46 14.49C4.44877 13.472 3.5161 12.3789 2.67 11.22C1.85 10.08 1.19 8.94 0.71 7.81C0.24 6.67 0 5.58 0 4.54C0 3.86 0.12 3.21 0.36 2.61C0.6 2 0.98 1.44 1.51 0.94C2.15 0.31 2.85 0 3.59 0C3.87 0 4.15 0.0600001 4.4 0.18C4.66 0.3 4.89 0.48 5.07 0.74L7.39 4.01C7.57 4.26 7.7 4.49 7.79 4.71C7.88 4.92 7.93 5.13 7.93 5.32C7.93 5.56 7.86 5.8 7.72 6.03C7.59 6.26 7.4 6.5 7.16 6.74L6.4 7.53C6.29 7.64 6.24 7.77 6.24 7.93C6.24 8.01 6.25 8.08 6.27 8.16C6.3 8.24 6.33 8.3 6.35 8.36C6.53 8.69 6.84 9.12 7.28 9.64C7.73 10.16 8.21 10.69 8.73 11.22C8.83 11.32 8.94 11.42 9.04 11.52C9.44 11.91 9.45 12.55 9.05 12.95ZM19.97 16.33C19.9687 16.7074 19.8833 17.0798 19.72 17.42C19.55 17.78 19.33 18.12 19.04 18.44C18.55 18.98 18.01 19.37 17.4 19.62C17.39 19.62 17.38 19.63 17.37 19.63C16.78 19.87 16.14 20 15.45 20C14.43 20 13.34 19.76 12.19 19.27C11.04 18.78 9.89 18.12 8.75 17.29C8.36 17 7.97 16.71 7.6 16.4L10.87 13.13C11.15 13.34 11.4 13.5 11.61 13.61C11.66 13.63 11.72 13.66 11.79 13.69C11.87 13.72 11.95 13.73 12.04 13.73C12.21 13.73 12.34 13.67 12.45 13.56L13.21 12.81C13.46 12.56 13.7 12.37 13.93 12.25C14.16 12.11 14.39 12.04 14.64 12.04C14.83 12.04 15.03 12.08 15.25 12.17C15.47 12.26 15.7 12.39 15.95 12.56L19.26 14.91C19.52 15.09 19.7 15.3 19.81 15.55C19.91 15.8 19.97 16.05 19.97 16.33Z\" fill=\"#272727\"\/>\r\n<\/svg>\n      <\/span>\n      <span class='bde-icon-list__text' >\n      (+351) 919 886 318\n      <\/span>\n              <\/div>\n      \n    <\/li>\n\n  <\/ul>\n\n<\/div>\n<\/div><div class=\"bde-div-371-121 bde-div\">\n  \n  \n\t\n\n\n\n<h3 class=\"bde-heading-371-122 bde-heading\">\nBizi Ziyaret Edin\n<\/h3><div class=\"bde-icon-list-371-123 bde-icon-list bde-icon-list--background\">\n<ul>\n  \n              \n    <li>\n              <div class='bde-icon-list__item-wrapper'>\n      \n      <span class='bde-icon-list__icon'>\n        <svg xmlns=\"http:\/\/www.w3.org\/2000\/svg\" viewBox=\"0 0 288 512\"><!-- Font Awesome Free 5.15.1 by @fontawesome - https:\/\/fontawesome.com License - https:\/\/fontawesome.com\/license\/free (Icons: CC BY 4.0, Fonts: SIL OFL 1.1, Code: MIT License) --><path d=\"M112 316.94v156.69l22.02 33.02c4.75 7.12 15.22 7.12 19.97 0L176 473.63V316.94c-10.39 1.92-21.06 3.06-32 3.06s-21.61-1.14-32-3.06zM144 0C64.47 0 0 64.47 0 144s64.47 144 144 144 144-64.47 144-144S223.53 0 144 0zm0 76c-37.5 0-68 30.5-68 68 0 6.62-5.38 12-12 12s-12-5.38-12-12c0-50.73 41.28-92 92-92 6.62 0 12 5.38 12 12s-5.38 12-12 12z\"\/><\/svg>\n      <\/span>\n      <span class='bde-icon-list__text' >\n      Lisboa, Portugal\n      <\/span>\n              <\/div>\n      \n    <\/li>\n\n  <\/ul>\n\n<\/div>\n<\/div><div class=\"bde-div-371-124 bde-div\">\n  \n  \n\t\n\n\n\n<h3 class=\"bde-heading-371-125 bde-heading\">\nBize bir e-posta g\u00f6nderin\n<\/h3><div class=\"bde-icon-list-371-126 bde-icon-list bde-icon-list--background\">\n<ul>\n  \n              \n    <li>\n              <div class='bde-icon-list__item-wrapper'>\n      \n      <span class='bde-icon-list__icon'>\n        <svg xmlns=\"http:\/\/www.w3.org\/2000\/svg\" viewBox=\"0 0 512 512\"><!-- Font Awesome Free 5.15.1 by @fontawesome - https:\/\/fontawesome.com License - https:\/\/fontawesome.com\/license\/free (Icons: CC BY 4.0, Fonts: SIL OFL 1.1, Code: MIT License) --><path d=\"M502.3 190.8c3.9-3.1 9.7-.2 9.7 4.7V400c0 26.5-21.5 48-48 48H48c-26.5 0-48-21.5-48-48V195.6c0-5 5.7-7.8 9.7-4.7 22.4 17.4 52.1 39.5 154.1 113.6 21.1 15.4 56.7 47.8 92.2 47.6 35.7.3 72-32.8 92.3-47.6 102-74.1 131.6-96.3 154-113.7zM256 320c23.2.4 56.6-29.2 73.4-41.4 132.7-96.3 142.8-104.7 173.4-128.7 5.8-4.5 9.2-11.5 9.2-18.9v-19c0-26.5-21.5-48-48-48H48C21.5 64 0 85.5 0 112v19c0 7.4 3.4 14.3 9.2 18.9 30.6 23.9 40.7 32.4 173.4 128.7 16.8 12.2 50.2 41.8 73.4 41.4z\"\/><\/svg>\n      <\/span>\n      <span class='bde-icon-list__text' >\n      geral@lusosuaz.com\n      <\/span>\n              <\/div>\n      \n    <\/li>\n\n  <\/ul>\n\n<\/div>\n<\/div>\n<\/div><\/div><\/div>\n<\/section><section class=\"bde-section-371-127 bde-section\">\n  \n  \n\t\n\n\n\n<div class=\"section-container\"><div class=\"bde-google-map-371-128 bde-google-map\">\n\r\n<iframe width=\"100%\" height=\"100%\" style=\"border:0\" loading=\"lazy\" title=\"Map\" src=\"https:\/\/maps.google.com\/maps?q=Lisbon&t=m&z=14&output=embed&iwloc=near\" allowfullscreen><\/iframe>\n\n<\/div><\/div>\n<\/section>","protected":false},"excerpt":{"rendered":"<p>\u0130leti\u015fim Size yard\u0131mc\u0131 olmak i\u00e7in buraday\u0131z. Daha fazla bilgi ve fiyat teklifleri i\u00e7in bizimle ileti\u015fime ge\u00e7in. Bize Ula\u015f\u0131n Entre em contacto! \u0130leti\u015fime ge\u00e7in! Size yard\u0131mc\u0131 olmak i\u00e7in buraday\u0131z. Herhangi bir sorunuz varsa veya hizmetlerimiz hakk\u0131nda daha fazla bilgiye ihtiya\u00e7 duyuyorsan\u0131z, bizimle ileti\u015fime ge\u00e7mekten \u00e7ekinmeyin. Ad* E-posta* Telefon Numaras\u0131 Mesaj* Mesaj\u0131 G\u00f6nder Yard\u0131ma m\u0131 ihtiyac\u0131n\u0131z var? [&hellip;]<\/p>\n","protected":false},"author":1,"featured_media":0,"parent":0,"menu_order":0,"comment_status":"closed","ping_status":"closed","template":"","meta":{"_acf_changed":false,"_locale":"tr_TR","_original_post":"https:\/\/lusosuaz.com\/?page_id=53","_breakdance_hide_in_design_set":false,"_breakdance_tags":"","footnotes":""},"class_list":["post-371","page","type-page","status-publish","hentry","tr-TR"],"acf":[],"_links":{"self":[{"href":"https:\/\/lusosuaz.com\/wp-json\/wp\/v2\/pages\/371","targetHints":{"allow":["GET"]}}],"collection":[{"href":"https:\/\/lusosuaz.com\/wp-json\/wp\/v2\/pages"}],"about":[{"href":"https:\/\/lusosuaz.com\/wp-json\/wp\/v2\/types\/page"}],"author":[{"embeddable":true,"href":"https:\/\/lusosuaz.com\/wp-json\/wp\/v2\/users\/1"}],"replies":[{"embeddable":true,"href":"https:\/\/lusosuaz.com\/wp-json\/wp\/v2\/comments?post=371"}],"version-history":[{"count":6,"href":"https:\/\/lusosuaz.com\/wp-json\/wp\/v2\/pages\/371\/revisions"}],"predecessor-version":[{"id":402,"href":"https:\/\/lusosuaz.com\/wp-json\/wp\/v2\/pages\/371\/revisions\/402"}],"wp:attachment":[{"href":"https:\/\/lusosuaz.com\/wp-json\/wp\/v2\/media?parent=371"}],"curies":[{"name":"wp","href":"https:\/\/api.w.org\/{rel}","templated":true}]}}