{"id":415,"date":"2024-08-04T17:20:55","date_gmt":"2024-08-04T17:20:55","guid":{"rendered":"https:\/\/lusosuaz.com\/?page_id=415"},"modified":"2024-08-04T17:21:07","modified_gmt":"2024-08-04T17:21:07","slug":"gizlilik-politikasi","status":"publish","type":"page","link":"https:\/\/lusosuaz.com\/tr\/gizlilik-politikasi\/","title":{"rendered":"Gizlilik\u00a0Politikas\u0131"},"content":{"rendered":"<section class=\"bde-section-415-100 bde-section\">\n  \n  \n\t\n\n\n\n<div class=\"section-container\"><div class=\"bde-columns-415-101 bde-columns\"><div class=\"bde-column-415-102 bde-column\">\n  \n  \n\t\n\n\n\n\n<\/div><div class=\"bde-column-415-103 bde-column\">\n  \n  \n\t\n\n\n\n<div class=\"bde-rich-text-415-104 bde-rich-text breakdance-rich-text-styles\">\n<h1>Gizlilik\u00a0Politikas\u0131<\/h1>\n<h3>Giri\u015f<\/h3>\n<p><strong>Y\u00fcr\u00fcrl\u00fck Tarihi: 04\/08\/2024<\/strong><\/p>\n<p>Bu Gizlilik Politikas\u0131, <a target=\"_new\" rel=\"noreferrer\">www.lusosuaz.com\u2019un<\/a> ziyaret\u00e7ilerin ki\u015fisel bilgilerini nas\u0131l toplad\u0131\u011f\u0131n\u0131, kulland\u0131\u011f\u0131n\u0131, depolad\u0131\u011f\u0131n\u0131 ve korudu\u011funu a\u00e7\u0131klar. Gizlili\u011finizi korumaya ve ki\u015fisel verilerinizin g\u00fcvenli\u011fini sa\u011flamaya kararl\u0131y\u0131z. Siteyi kullanarak, bu politikaya uygun olarak bilgilerin toplanmas\u0131n\u0131 ve kullan\u0131lmas\u0131n\u0131 kabul etmi\u015f olursunuz.<\/p>\n<p><strong>1. Toplanan Bilgiler<\/strong><\/p>\n<p>A\u015fa\u011f\u0131daki bilgileri toplar ve i\u015fleriz:<\/p>\n<ul>\n<li><strong>Ki\u015fisel Bilgiler:<\/strong> Ki\u015fisel olarak tan\u0131mlanabilir bilgileri yaln\u0131zca kullan\u0131c\u0131lar taraf\u0131ndan g\u00f6n\u00fcll\u00fc olarak sa\u011fland\u0131\u011f\u0131nda toplar\u0131z.<\/li>\n<li><strong>Gezinme Bilgileri:<\/strong> Sitenin kullan\u0131m\u0131 ile ilgili bilgileri, \u00e7erezler ve benzeri teknolojilerin kullan\u0131m\u0131n\u0131 da i\u00e7eren bilgileri toplar\u0131z.<\/li>\n<\/ul>\n<p><strong>2. \u00c7erez Kullan\u0131m\u0131<\/strong><\/p>\n<p>Site \u00fczerindeki deneyiminizi geli\u015ftirmek ve tercihlerinizi y\u00f6netmek i\u00e7in \u00e7erezler kullan\u0131yoruz. A\u015fa\u011f\u0131da kullan\u0131lan \u00e7erezler ve ama\u00e7lar\u0131 yer almaktad\u0131r:<\/p>\n<ul>\n<li>\n<p><strong>PHPSESSID:<\/strong> Bu \u00e7erez, PHP uygulamalar\u0131na \u00f6zg\u00fcd\u00fcr ve bir kullan\u0131c\u0131n\u0131n benzersiz oturum ID'sini saklar ve tan\u0131mlar. Bu \u00e7erez oturum \u00e7erezidir ve t\u00fcm taray\u0131c\u0131 pencereleri kapat\u0131ld\u0131\u011f\u0131nda silinir.<\/p>\n<\/li>\n<li>\n<p><strong>cookieyes-consent:<\/strong> CookieYes taraf\u0131ndan, kullan\u0131c\u0131lar\u0131n onay tercihlerini hat\u0131rlamak i\u00e7in ayarlanan bu \u00e7erez, tercihlerinizi sonraki ziyaretlerde dikkate al\u0131r. Bu \u00e7erez, Site ziyaret\u00e7ileri hakk\u0131nda ki\u015fisel bilgi toplamaz veya depolamaz. 1 y\u0131l s\u00fcreyle ge\u00e7erlidir.<\/p>\n<\/li>\n<li>\n<p><strong>wpEmojiSettingsSupports:<\/strong> WordPress taraf\u0131ndan, bir kullan\u0131c\u0131 WordPress sitesinde emojilerle etkile\u015fime girdi\u011finde ayarlan\u0131r. Kullan\u0131c\u0131n\u0131n taray\u0131c\u0131s\u0131n\u0131n emojileri do\u011fru bir \u015fekilde g\u00f6r\u00fcnt\u00fcl\u00fcp g\u00f6r\u00fcnt\u00fcleyemeyece\u011fini belirlemeye yard\u0131mc\u0131 olur. Bu bir oturum \u00e7erezidir.<\/p>\n<\/li>\n<li>\n<p><strong>breakdance_view_count, breakdance_session_count, breakdance_last_session_id:<\/strong> Bu \u00e7erezler, Breakdance eklentisi taraf\u0131ndan kullan\u0131l\u0131r ve oturumlar ile g\u00f6r\u00fcnt\u00fcleme say\u0131mlar\u0131n\u0131 y\u00f6netmek i\u00e7in gereklidir. Bu \u00e7erezlerin detayl\u0131 a\u00e7\u0131klamalar\u0131 mevcut de\u011fildir, ancak oturum \u00e7erezleri olarak tan\u0131mlan\u0131r.<\/p>\n<\/li>\n<\/ul>\n<p><strong>3. \u00c7erezlerin Y\u00f6netimi<\/strong><\/p>\n<p>\u00c7erezleri taray\u0131c\u0131 ayarlar\u0131n\u0131z arac\u0131l\u0131\u011f\u0131yla kontrol edebilir ve y\u00f6netebilirsiniz. \u00c7o\u011fu taray\u0131c\u0131, \u00e7erezleri engellemenize veya bir \u00e7erez g\u00f6nderildi\u011finde sizi uyarmas\u0131na olanak tan\u0131r. Ancak, \u00e7erezleri devre d\u0131\u015f\u0131 b\u0131rakmay\u0131 se\u00e7erseniz, Site'nin baz\u0131 \u00f6zellikleri do\u011fru \u00e7al\u0131\u015fmayabilir.<\/p>\n<p><strong>4. Veri G\u00fcvenli\u011fi<\/strong><\/p>\n<p>Bilgilerinizi yetkisiz eri\u015fim, de\u011fi\u015fiklik, if\u015faat veya yok edilme kar\u015f\u0131s\u0131nda korumak i\u00e7in uygun g\u00fcvenlik \u00f6nlemleri al\u0131yoruz. Ancak, internet \u00fczerinden veri iletimi veya elektronik depolama, %100 g\u00fcvenli olarak garanti edilemez.<\/p>\n<p><strong>5. Kullan\u0131c\u0131 Haklar\u0131<\/strong><\/p>\n<p>Ki\u015fisel bilgilerinize eri\u015fme, d\u00fczeltme veya silme hakk\u0131na sahipsiniz. Bunu yapmak i\u00e7in, a\u015fa\u011f\u0131da verilen ileti\u015fim bilgileri arac\u0131l\u0131\u011f\u0131yla bizimle ileti\u015fime ge\u00e7ebilirsiniz.<\/p>\n<p><strong>6. Gizlilik Politikas\u0131nda De\u011fi\u015fiklikler<\/strong><\/p>\n<p>Bu Gizlilik Politikas\u0131n\u0131 zaman zaman g\u00fcncelleyebiliriz. De\u011fi\u015fiklikler bu sayfada yay\u0131nlanacak ve derhal y\u00fcr\u00fcrl\u00fc\u011fe girecektir. Bilgilerinizi nas\u0131l korudu\u011fumuz hakk\u0131nda bilgi sahibi olmak i\u00e7in bu politikay\u0131 d\u00fczenli olarak g\u00f6zden ge\u00e7irmenizi \u00f6neririz.<\/p>\n<p><strong>7. \u0130leti\u015fim<\/strong><\/p>\n<p>Bu Gizlilik Politikas\u0131 hakk\u0131nda herhangi bir sorunuz veya endi\u015feniz varsa, bizimle ileti\u015fime ge\u00e7ebilirsiniz:<\/p>\n<ul>\n<li><strong>E-posta:<\/strong> <a rel=\"noreferrer\">geral@lusosuaz.com<\/a><\/li>\n<\/ul>\n<\/div>\n<\/div><div class=\"bde-column-415-105 bde-column\">\n  \n  \n\t\n\n\n\n\n<\/div><\/div><\/div>\n<\/section>","protected":false},"excerpt":{"rendered":"<p>Gizlilik\u00a0Politikas\u0131 Giri\u015f Y\u00fcr\u00fcrl\u00fck Tarihi: 04\/08\/2024 Bu Gizlilik Politikas\u0131, www.lusosuaz.com\u2019un ziyaret\u00e7ilerin ki\u015fisel bilgilerini nas\u0131l toplad\u0131\u011f\u0131n\u0131, kulland\u0131\u011f\u0131n\u0131, depolad\u0131\u011f\u0131n\u0131 ve korudu\u011funu a\u00e7\u0131klar. Gizlili\u011finizi korumaya ve ki\u015fisel verilerinizin g\u00fcvenli\u011fini sa\u011flamaya kararl\u0131y\u0131z. Siteyi kullanarak, bu politikaya uygun olarak bilgilerin toplanmas\u0131n\u0131 ve kullan\u0131lmas\u0131n\u0131 kabul etmi\u015f olursunuz. 1. Toplanan Bilgiler A\u015fa\u011f\u0131daki bilgileri toplar ve i\u015fleriz: Ki\u015fisel Bilgiler: Ki\u015fisel olarak tan\u0131mlanabilir bilgileri yaln\u0131zca [&hellip;]<\/p>\n","protected":false},"author":1,"featured_media":0,"parent":0,"menu_order":0,"comment_status":"closed","ping_status":"closed","template":"","meta":{"_acf_changed":false,"_locale":"tr_TR","_original_post":"https:\/\/lusosuaz.com\/?page_id=3","_breakdance_hide_in_design_set":false,"_breakdance_tags":"","footnotes":""},"class_list":["post-415","page","type-page","status-publish","hentry","tr-TR"],"acf":[],"_links":{"self":[{"href":"https:\/\/lusosuaz.com\/wp-json\/wp\/v2\/pages\/415","targetHints":{"allow":["GET"]}}],"collection":[{"href":"https:\/\/lusosuaz.com\/wp-json\/wp\/v2\/pages"}],"about":[{"href":"https:\/\/lusosuaz.com\/wp-json\/wp\/v2\/types\/page"}],"author":[{"embeddable":true,"href":"https:\/\/lusosuaz.com\/wp-json\/wp\/v2\/users\/1"}],"replies":[{"embeddable":true,"href":"https:\/\/lusosuaz.com\/wp-json\/wp\/v2\/comments?post=415"}],"version-history":[{"count":3,"href":"https:\/\/lusosuaz.com\/wp-json\/wp\/v2\/pages\/415\/revisions"}],"predecessor-version":[{"id":418,"href":"https:\/\/lusosuaz.com\/wp-json\/wp\/v2\/pages\/415\/revisions\/418"}],"wp:attachment":[{"href":"https:\/\/lusosuaz.com\/wp-json\/wp\/v2\/media?parent=415"}],"curies":[{"name":"wp","href":"https:\/\/api.w.org\/{rel}","templated":true}]}}